{"id":172,"date":"2025-02-06T16:11:16","date_gmt":"2025-02-06T15:11:16","guid":{"rendered":"https:\/\/bloominn.fr\/?page_id=172"},"modified":"2025-05-12T17:48:50","modified_gmt":"2025-05-12T15:48:50","slug":"homepage","status":"publish","type":"page","link":"https:\/\/bloominn.fr\/","title":{"rendered":"bloominn"},"content":{"rendered":"\n<div class=\"wp-block-cover alignfull has-parallax\" style=\"min-height:100vh;aspect-ratio:unset;\"><div class=\"wp-block-cover__image-background wp-image-501 has-parallax\" style=\"background-position:50% 50%;background-image:url(http:\/\/bloominn.fr\/wp-content\/uploads\/2025\/03\/cropped-what-is-coliving-and-why-is-it-so-popular-2.webp)\"><\/div><span aria-hidden=\"true\" class=\"wp-block-cover__background has-primary-background-color has-background-dim-60 has-background-dim\"><\/span><div class=\"wp-block-cover__inner-container has-global-padding is-layout-constrained wp-block-cover-is-layout-constrained\">\n<figure class=\"wp-block-image aligncenter size-large is-resized\"><img loading=\"lazy\" decoding=\"async\" width=\"1024\" height=\"238\" src=\"http:\/\/bloominn.fr\/wp-content\/uploads\/2025\/02\/Logo-bloominn_white_red-e1738939103308-1024x238.png\" alt=\"\" class=\"wp-image-256\" style=\"width:670px;height:auto\" srcset=\"https:\/\/bloominn.fr\/wp-content\/uploads\/2025\/02\/Logo-bloominn_white_red-e1738939103308-1024x238.png 1024w, https:\/\/bloominn.fr\/wp-content\/uploads\/2025\/02\/Logo-bloominn_white_red-e1738939103308-300x70.png 300w, https:\/\/bloominn.fr\/wp-content\/uploads\/2025\/02\/Logo-bloominn_white_red-e1738939103308-768x179.png 768w, https:\/\/bloominn.fr\/wp-content\/uploads\/2025\/02\/Logo-bloominn_white_red-e1738939103308-1536x357.png 1536w, https:\/\/bloominn.fr\/wp-content\/uploads\/2025\/02\/Logo-bloominn_white_red-e1738939103308-600x139.png 600w, https:\/\/bloominn.fr\/wp-content\/uploads\/2025\/02\/Logo-bloominn_white_red-e1738939103308-1200x279.png 1200w, https:\/\/bloominn.fr\/wp-content\/uploads\/2025\/02\/Logo-bloominn_white_red-e1738939103308.png 1742w\" sizes=\"auto, (max-width: 1024px) 100vw, 1024px\" \/><\/figure>\n\n\n\n<p class=\"has-text-align-center has-white-color has-text-color has-max-60-font-size\" style=\"font-style:normal;font-weight:900;line-height:1.2\"><strong>le coliving survitamin\u00e9<\/strong><\/p>\n\n\n\n<div style=\"height:55px\" aria-hidden=\"true\" class=\"wp-block-spacer\"><\/div>\n\n\n\n<div class=\"wp-block-buttons is-content-justification-center is-layout-flex wp-container-core-buttons-is-layout-a89b3969 wp-block-buttons-is-layout-flex\">\n<div class=\"wp-block-button is-style-outline is-style-outline--1\"><a class=\"wp-block-button__link has-white-color has-text-color wp-element-button\" href=\"https:\/\/bloominn.fr\/index.php\/decouvrez-nos-maisons\/\" style=\"border-radius:0px\">R\u00e9server<\/a><\/div>\n<\/div>\n<\/div><\/div>\n\n\n\n<div class=\"wp-block-group has-global-padding is-layout-constrained wp-block-group-is-layout-constrained\">\n<div style=\"height:57px\" aria-hidden=\"true\" class=\"wp-block-spacer\"><\/div>\n\n\n\n<figure class=\"wp-block-image aligncenter size-large is-resized\"><img loading=\"lazy\" decoding=\"async\" width=\"1024\" height=\"282\" src=\"http:\/\/bloominn.fr\/wp-content\/uploads\/2025\/02\/Logo-bloominn-e1738938503592-1024x282.png\" alt=\"\" class=\"wp-image-258\" style=\"width:320px;height:auto\" srcset=\"https:\/\/bloominn.fr\/wp-content\/uploads\/2025\/02\/Logo-bloominn-e1738938503592-1024x282.png 1024w, https:\/\/bloominn.fr\/wp-content\/uploads\/2025\/02\/Logo-bloominn-e1738938503592-300x83.png 300w, https:\/\/bloominn.fr\/wp-content\/uploads\/2025\/02\/Logo-bloominn-e1738938503592-768x212.png 768w, https:\/\/bloominn.fr\/wp-content\/uploads\/2025\/02\/Logo-bloominn-e1738938503592-1536x423.png 1536w, https:\/\/bloominn.fr\/wp-content\/uploads\/2025\/02\/Logo-bloominn-e1738938503592-600x165.png 600w, https:\/\/bloominn.fr\/wp-content\/uploads\/2025\/02\/Logo-bloominn-e1738938503592-1200x331.png 1200w, https:\/\/bloominn.fr\/wp-content\/uploads\/2025\/02\/Logo-bloominn-e1738938503592.png 1670w\" sizes=\"auto, (max-width: 1024px) 100vw, 1024px\" \/><\/figure>\n\n\n\n<h2 class=\"wp-block-heading has-text-align-center has-medium-font-size\" style=\"letter-spacing:1px\">bienvenue chez vous<\/h2>\n\n\n\n<p class=\"has-text-align-center\">Retrouvez notre collection de maisons sp\u00e9cialement con\u00e7ues pour celles et ceux qui recherchent un \u00e9quilibre parfait entre confort, communaut\u00e9 et modernit\u00e9. <strong>bloominn<\/strong> r\u00e9invente l&#8217;art de vivre en colocation en offrant des espaces \u00e9l\u00e9gants et sophistiqu\u00e9s, o\u00f9 chaque d\u00e9tail est pens\u00e9 pour maximiser le bien-\u00eatre et la convivialit\u00e9.<\/p>\n\n\n\n<p class=\"has-text-align-center\">Que vous soyez un professionnel en d\u00e9placement, un \u00e9tudiant ou un entrepreneur cr\u00e9atif, <strong>bloominn<\/strong> offre un cadre de vie inspirant et dynamique, favorisant les \u00e9changes et les synergies entre des individus aux parcours vari\u00e9s mais aux aspirations communes.<\/p>\n\n\n\n<div class=\"wp-block-buttons is-horizontal is-content-justification-center is-layout-flex wp-container-core-buttons-is-layout-03627597 wp-block-buttons-is-layout-flex\">\n<div class=\"wp-block-button is-style-outline is-style-outline--2\"><a class=\"wp-block-button__link has-small-font-size has-custom-font-size wp-element-button\" href=\"https:\/\/bloominn.fr\/index.php\/about\/\" style=\"border-radius:0px\">d\u00e9couvrir<\/a><\/div>\n<\/div>\n<\/div>\n\n\n\n<div id=\"services\" class=\"wp-block-group alignfull pattern_multiple_covers has-background has-global-padding is-layout-constrained wp-block-group-is-layout-constrained\">\n<div style=\"height:84px\" aria-hidden=\"true\" class=\"wp-block-spacer\"><\/div>\n\n\n\n<p class=\"has-text-align-left has-text-color has-link-color wp-elements-9751c8dcefa31c801be70d1c12371b7e\" style=\"color:#ea4f47;letter-spacing:1px\">REJOIGNEZ L&#8217;UNE DE NOS MAISONS<\/p>\n\n\n\n<h2 class=\"wp-block-heading has-text-align-left\">Profitez de services haut de gamme<\/h2>\n\n\n\n<p class=\"has-text-align-left\">bloominn, c&#8217;est comme \u00e0 la maison mais en mieux ! Redynamisez-vous dans la <strong>salle de sport<\/strong>, sirotez un jus de fruit durant une partie de <strong>p\u00e9tanque<\/strong> ou pr\u00e9lassez-vous devant un bon film dans la <strong>salle cin\u00e9ma<\/strong>. <\/p>\n\n\n\n<p>Dans votre maison, vous disposerez de <strong>votre propre chambre avec sa salle d&#8217;eau<\/strong>. Vous partagerez <strong>les espaces communs avec une cuisine ultra fonctionnelle et toute \u00e9quip\u00e9e<\/strong>, une <strong>terrasse et jardinet<\/strong>, des jeux, des salles de cin\u00e9ma et dans certains logements une salle de sport ou un terrain de p\u00e9tanque. Tout a \u00e9t\u00e9 pens\u00e9 et con\u00e7u pour cr\u00e9er un climat de vie agr\u00e9able \u00e0 partager tout en pr\u00e9servant son intimit\u00e9.<\/p>\n\n\n\n<div style=\"height:46px\" aria-hidden=\"true\" class=\"wp-block-spacer\"><\/div>\n\n\n\n<div class=\"wp-block-columns is-layout-flex wp-container-core-columns-is-layout-28f84493 wp-block-columns-is-layout-flex\">\n<div class=\"wp-block-column is-layout-flow wp-block-column-is-layout-flow\" style=\"padding-top:0;padding-right:0;padding-bottom:0;padding-left:0\">\n<div class=\"wp-block-cover has-custom-content-position is-position-bottom-left\" style=\"padding-top:var(--wp--preset--spacing--small);padding-right:var(--wp--preset--spacing--x-small);padding-bottom:var(--wp--preset--spacing--small);padding-left:var(--wp--preset--spacing--x-small)\"><img loading=\"lazy\" decoding=\"async\" width=\"1500\" height=\"1001\" class=\"wp-block-cover__image-background wp-image-23\" alt=\"\" src=\"http:\/\/bloominn.fr\/wp-content\/uploads\/2025\/02\/lyon-052-1.jpg\" style=\"object-position:27% 73%\" data-object-fit=\"cover\" data-object-position=\"27% 73%\" srcset=\"https:\/\/bloominn.fr\/wp-content\/uploads\/2025\/02\/lyon-052-1.jpg 1500w, https:\/\/bloominn.fr\/wp-content\/uploads\/2025\/02\/lyon-052-1-300x200.jpg 300w, https:\/\/bloominn.fr\/wp-content\/uploads\/2025\/02\/lyon-052-1-1024x683.jpg 1024w, https:\/\/bloominn.fr\/wp-content\/uploads\/2025\/02\/lyon-052-1-768x513.jpg 768w\" sizes=\"auto, (max-width: 1500px) 100vw, 1500px\" \/><span aria-hidden=\"true\" class=\"wp-block-cover__background has-primary-background-color has-background-dim\"><\/span><div class=\"wp-block-cover__inner-container is-layout-flow wp-block-cover-is-layout-flow\">\n<h3 class=\"wp-block-heading has-white-color has-text-color has-medium-font-size\" style=\"margin-top:0;margin-right:0;margin-bottom:0;margin-left:0\">LINK<br><em>Au coeur de la ville<\/em><\/h3>\n\n\n\n<p class=\"has-text-color has-link-color wp-elements-906ee988683a2c70b8d170081d493a93\" style=\"color:#ea4f47;margin-top:0;margin-right:0;margin-bottom:0;margin-left:0\"><a href=\"https:\/\/bloominn.fr\/index.php\/page-d-exemple\/\" data-type=\"page\" data-id=\"2\">D\u00e9couvrir \u2192<\/a>.                                         <\/p>\n<\/div><\/div>\n<\/div>\n\n\n\n<div class=\"wp-block-column is-layout-flow wp-block-column-is-layout-flow\" style=\"padding-top:0;padding-right:0;padding-bottom:0;padding-left:0\">\n<div class=\"wp-block-cover has-custom-content-position is-position-bottom-left\" style=\"padding-top:var(--wp--preset--spacing--small);padding-right:var(--wp--preset--spacing--x-small);padding-bottom:var(--wp--preset--spacing--small);padding-left:var(--wp--preset--spacing--x-small)\"><img loading=\"lazy\" decoding=\"async\" width=\"2560\" height=\"1440\" class=\"wp-block-cover__image-background wp-image-59\" alt=\"\" src=\"http:\/\/bloominn.fr\/wp-content\/uploads\/2025\/02\/SCI-K-Lyon-JJR-O-Photos-Piece-de-Vie-2-scaled.jpg\" style=\"object-position:62% 50%\" data-object-fit=\"cover\" data-object-position=\"62% 50%\" srcset=\"https:\/\/bloominn.fr\/wp-content\/uploads\/2025\/02\/SCI-K-Lyon-JJR-O-Photos-Piece-de-Vie-2-scaled.jpg 2560w, https:\/\/bloominn.fr\/wp-content\/uploads\/2025\/02\/SCI-K-Lyon-JJR-O-Photos-Piece-de-Vie-2-300x169.jpg 300w, https:\/\/bloominn.fr\/wp-content\/uploads\/2025\/02\/SCI-K-Lyon-JJR-O-Photos-Piece-de-Vie-2-1024x576.jpg 1024w, https:\/\/bloominn.fr\/wp-content\/uploads\/2025\/02\/SCI-K-Lyon-JJR-O-Photos-Piece-de-Vie-2-768x432.jpg 768w, https:\/\/bloominn.fr\/wp-content\/uploads\/2025\/02\/SCI-K-Lyon-JJR-O-Photos-Piece-de-Vie-2-1536x864.jpg 1536w, https:\/\/bloominn.fr\/wp-content\/uploads\/2025\/02\/SCI-K-Lyon-JJR-O-Photos-Piece-de-Vie-2-2048x1152.jpg 2048w\" sizes=\"auto, (max-width: 2560px) 100vw, 2560px\" \/><span aria-hidden=\"true\" class=\"wp-block-cover__background has-primary-background-color has-background-dim\"><\/span><div class=\"wp-block-cover__inner-container is-layout-flow wp-block-cover-is-layout-flow\">\n<h3 class=\"wp-block-heading has-white-color has-text-color has-medium-font-size\" style=\"margin-top:0;margin-right:0;margin-bottom:0;margin-left:0\">TEMPO &#8211; <strong><em>Au rythme de la musique<\/em><\/strong><\/h3>\n\n\n\n<p class=\"has-text-color has-link-color wp-elements-97713152a27877e0fa3f66930688a70f\" style=\"color:#ea4f47;margin-top:0;margin-right:0;margin-bottom:0;margin-left:0\"><a href=\"https:\/\/bloominn.fr\/index.php\/au-rythme-de-la-musique\/\" data-type=\"page\" data-id=\"322\">D\u00e9couvrir \u2192<\/a><\/p>\n<\/div><\/div>\n<\/div>\n\n\n\n<div class=\"wp-block-column is-layout-flow wp-block-column-is-layout-flow\" style=\"padding-top:0;padding-right:0;padding-bottom:0;padding-left:0\">\n<div class=\"wp-block-cover has-custom-content-position is-position-bottom-left\" style=\"padding-top:var(--wp--preset--spacing--small);padding-right:var(--wp--preset--spacing--x-small);padding-bottom:var(--wp--preset--spacing--small);padding-left:var(--wp--preset--spacing--x-small)\"><img loading=\"lazy\" decoding=\"async\" width=\"2560\" height=\"1440\" class=\"wp-block-cover__image-background wp-image-207\" alt=\"\" src=\"http:\/\/bloominn.fr\/wp-content\/uploads\/2025\/02\/My-Room-Colocation-San-Francisco-03272024_215948-1-scaled.jpg\" style=\"object-position:60% 75%\" data-object-fit=\"cover\" data-object-position=\"60% 75%\" srcset=\"https:\/\/bloominn.fr\/wp-content\/uploads\/2025\/02\/My-Room-Colocation-San-Francisco-03272024_215948-1-scaled.jpg 2560w, https:\/\/bloominn.fr\/wp-content\/uploads\/2025\/02\/My-Room-Colocation-San-Francisco-03272024_215948-1-300x169.jpg 300w, https:\/\/bloominn.fr\/wp-content\/uploads\/2025\/02\/My-Room-Colocation-San-Francisco-03272024_215948-1-1024x576.jpg 1024w, https:\/\/bloominn.fr\/wp-content\/uploads\/2025\/02\/My-Room-Colocation-San-Francisco-03272024_215948-1-2000x1125.jpg 2000w\" sizes=\"auto, (max-width: 2560px) 100vw, 2560px\" \/><span aria-hidden=\"true\" class=\"wp-block-cover__background has-primary-background-color has-background-dim\"><\/span><div class=\"wp-block-cover__inner-container is-layout-flow wp-block-cover-is-layout-flow\">\n<h3 class=\"wp-block-heading has-white-color has-text-color has-medium-font-size\" style=\"margin-top:0;margin-right:0;margin-bottom:0;margin-left:0\">GLOW<br><strong><em>Au fil de la lumi\u00e8re<\/em><\/strong><\/h3>\n\n\n\n<p class=\"has-text-color has-link-color wp-elements-084be49077e6f4e1b5d34fa9ba34085b\" style=\"color:#ea4f47;margin-top:0;margin-right:0;margin-bottom:0;margin-left:0\"><a href=\"https:\/\/bloominn.fr\/index.php\/au-fil-de-la-lumiere\/\" data-type=\"page\" data-id=\"350\">D\u00e9couvrir \u2192<\/a><\/p>\n<\/div><\/div>\n<\/div>\n\n\n\n<div class=\"wp-block-column is-layout-flow wp-block-column-is-layout-flow\" style=\"padding-top:0;padding-right:0;padding-bottom:0;padding-left:0\">\n<div class=\"wp-block-cover has-custom-content-position is-position-bottom-left\" style=\"padding-top:var(--wp--preset--spacing--small);padding-right:var(--wp--preset--spacing--x-small);padding-bottom:var(--wp--preset--spacing--small);padding-left:var(--wp--preset--spacing--x-small)\"><img loading=\"lazy\" decoding=\"async\" width=\"2560\" height=\"1440\" class=\"wp-block-cover__image-background wp-image-76\" alt=\"\" src=\"http:\/\/bloominn.fr\/wp-content\/uploads\/2025\/02\/My-Room-Colocation-Herideaux-08262024_192440-scaled.jpg\" style=\"object-position:55% 45%\" data-object-fit=\"cover\" data-object-position=\"55% 45%\" srcset=\"https:\/\/bloominn.fr\/wp-content\/uploads\/2025\/02\/My-Room-Colocation-Herideaux-08262024_192440-scaled.jpg 2560w, https:\/\/bloominn.fr\/wp-content\/uploads\/2025\/02\/My-Room-Colocation-Herideaux-08262024_192440-300x169.jpg 300w, https:\/\/bloominn.fr\/wp-content\/uploads\/2025\/02\/My-Room-Colocation-Herideaux-08262024_192440-1024x576.jpg 1024w, https:\/\/bloominn.fr\/wp-content\/uploads\/2025\/02\/My-Room-Colocation-Herideaux-08262024_192440-768x432.jpg 768w, https:\/\/bloominn.fr\/wp-content\/uploads\/2025\/02\/My-Room-Colocation-Herideaux-08262024_192440-1536x864.jpg 1536w, https:\/\/bloominn.fr\/wp-content\/uploads\/2025\/02\/My-Room-Colocation-Herideaux-08262024_192440-2048x1152.jpg 2048w\" sizes=\"auto, (max-width: 2560px) 100vw, 2560px\" \/><span aria-hidden=\"true\" class=\"wp-block-cover__background has-primary-background-color has-background-dim\"><\/span><div class=\"wp-block-cover__inner-container is-layout-flow wp-block-cover-is-layout-flow\">\n<h3 class=\"wp-block-heading has-white-color has-text-color has-medium-font-size\" style=\"margin-top:0;margin-right:0;margin-bottom:0;margin-left:0\">POP &#8211; <strong><em>L&#8217;effervescence de couleurs<\/em><\/strong><\/h3>\n\n\n\n<p class=\"has-text-color has-link-color wp-elements-a5ba3456f4cb78c42b304bedc187f88f\" style=\"color:#ea4f47;margin-top:0;margin-right:0;margin-bottom:0;margin-left:0\"><a href=\"https:\/\/bloominn.fr\/index.php\/effervescence-de-couleurs\/\" data-type=\"page\" data-id=\"371\">D\u00e9couvrir \u2192<\/a><\/p>\n<\/div><\/div>\n<\/div>\n<\/div>\n\n\n\n<div style=\"height:103px\" aria-hidden=\"true\" class=\"wp-block-spacer\"><\/div>\n<\/div>\n\n\n\n<div class=\"wp-block-group alignfull has-global-padding is-layout-constrained wp-block-group-is-layout-constrained\">\n<div class=\"wp-block-group has-global-padding is-layout-constrained wp-block-group-is-layout-constrained\" style=\"padding-top:var(--wp--preset--spacing--small);padding-bottom:var(--wp--preset--spacing--small)\">\n<div class=\"wp-block-columns is-layout-flex wp-container-core-columns-is-layout-c375d253 wp-block-columns-is-layout-flex\">\n<div class=\"wp-block-column is-vertically-aligned-center is-layout-flow wp-block-column-is-layout-flow\">\n<h2 class=\"wp-block-heading has-medium-font-size\" style=\"text-transform:none\">A propos de bloominn<\/h2>\n\n\n\n<p>Chez <strong>bloominn<\/strong>, nous croyons que la vie en communaut\u00e9 peut \u00eatre synonyme de confort et de s\u00e9r\u00e9nit\u00e9. Nos maisons de coliving sont soigneusement am\u00e9nag\u00e9es pour offrir \u00e0 chaque r\u00e9sident une exp\u00e9rience de vie agr\u00e9able, m\u00ealant design contemporain, commodit\u00e9s de premier ordre et espaces partag\u00e9s chaleureux.<\/p>\n\n\n\n<p>Que vous soyez un professionnel en d\u00e9placement, un \u00e9tudiant ou un entrepreneur cr\u00e9atif, <strong>bloominn<\/strong> offre un cadre de vie inspirant et dynamique, favorisant les \u00e9changes et les synergies entre des individus aux parcours vari\u00e9s mais aux aspirations communes.<\/p>\n\n\n\n<div class=\"wp-block-buttons is-horizontal is-content-justification-left is-layout-flex wp-container-core-buttons-is-layout-20be11b6 wp-block-buttons-is-layout-flex\">\n<div class=\"wp-block-button is-style-outline is-style-outline--3\"><a class=\"wp-block-button__link wp-element-button\" style=\"border-radius:0px\">en savoir plus<\/a><\/div>\n<\/div>\n<\/div>\n\n\n\n<div class=\"wp-block-column is-layout-flow wp-block-column-is-layout-flow\">\n<figure class=\"wp-block-image size-full\"><img loading=\"lazy\" decoding=\"async\" width=\"1500\" height=\"1000\" src=\"http:\/\/bloominn.fr\/wp-content\/uploads\/2025\/02\/lyon-078.jpg\" alt=\"\" class=\"wp-image-34\" style=\"aspect-ratio:3\/4;object-fit:cover\" srcset=\"https:\/\/bloominn.fr\/wp-content\/uploads\/2025\/02\/lyon-078.jpg 1500w, https:\/\/bloominn.fr\/wp-content\/uploads\/2025\/02\/lyon-078-300x200.jpg 300w, https:\/\/bloominn.fr\/wp-content\/uploads\/2025\/02\/lyon-078-1024x683.jpg 1024w, https:\/\/bloominn.fr\/wp-content\/uploads\/2025\/02\/lyon-078-768x512.jpg 768w\" sizes=\"auto, (max-width: 1500px) 100vw, 1500px\" \/><\/figure>\n<\/div>\n<\/div>\n<\/div>\n<\/div>\n\n\n\n<div class=\"wp-block-group alignfull has-background has-global-padding is-layout-constrained wp-block-group-is-layout-constrained\">\n<div class=\"wp-block-group has-global-padding is-layout-constrained wp-block-group-is-layout-constrained\" style=\"padding-top:var(--wp--preset--spacing--small);padding-bottom:var(--wp--preset--spacing--small)\">\n<div class=\"wp-block-columns are-vertically-aligned-center is-layout-flex wp-container-core-columns-is-layout-c375d253 wp-block-columns-is-layout-flex\">\n<div class=\"wp-block-column is-vertically-aligned-center is-layout-flow wp-block-column-is-layout-flow\">\n<figure class=\"wp-block-image size-large\"><img loading=\"lazy\" decoding=\"async\" width=\"1024\" height=\"576\" src=\"http:\/\/bloominn.fr\/wp-content\/uploads\/2025\/02\/My-Room-Colocation-San-Francisco-03272024_220142-1-1024x576.jpg\" alt=\"\" class=\"wp-image-211\" style=\"aspect-ratio:3\/4;object-fit:cover\" srcset=\"https:\/\/bloominn.fr\/wp-content\/uploads\/2025\/02\/My-Room-Colocation-San-Francisco-03272024_220142-1-1024x576.jpg 1024w, https:\/\/bloominn.fr\/wp-content\/uploads\/2025\/02\/My-Room-Colocation-San-Francisco-03272024_220142-1-300x169.jpg 300w, https:\/\/bloominn.fr\/wp-content\/uploads\/2025\/02\/My-Room-Colocation-San-Francisco-03272024_220142-1-2000x1125.jpg 2000w\" sizes=\"auto, (max-width: 1024px) 100vw, 1024px\" \/><\/figure>\n<\/div>\n\n\n\n<div class=\"wp-block-column is-vertically-aligned-center is-layout-flow wp-block-column-is-layout-flow\">\n<h2 class=\"wp-block-heading has-medium-font-size\" style=\"text-transform:none\">Notre expertise du coliving<\/h2>\n\n\n\n<p>En choisissant bloominn, vous int\u00e9grez non seulement un lieu de vie exceptionnel, mais aussi une communaut\u00e9 vibrante et bienveillante, o\u00f9 chaque rencontre est une opportunit\u00e9 de partage et de croissance personnelle. D\u00e9couvrez un nouveau mode de vie o\u00f9 le confort, la communaut\u00e9 et des prestations haut de gamme se rencontrent pour cr\u00e9er une exp\u00e9rience de coliving unique \u00e0 Lyon.<\/p>\n\n\n\n<div class=\"wp-block-buttons is-layout-flex wp-block-buttons-is-layout-flex\">\n<div class=\"wp-block-button is-style-outline is-style-outline--4\"><a class=\"wp-block-button__link wp-element-button\" href=\"#\" style=\"border-radius:0px\">d\u00e9couvrir nos services<\/a><\/div>\n<\/div>\n<\/div>\n<\/div>\n<\/div>\n<\/div>\n\n\n\n<div id=\"team\" class=\"wp-block-group has-global-padding is-layout-constrained wp-block-group-is-layout-constrained\"><\/div>\n\n\n\n<div class=\"wp-block-cover alignfull has-parallax is-position-center-center\" style=\"border-radius:0px\"><div class=\"wp-block-cover__image-background wp-image-145 has-parallax\" style=\"background-position:50% 50%;background-image:url(http:\/\/bloominn.fr\/wp-content\/uploads\/2025\/02\/IMG_7380-scaled.jpeg)\"><\/div><span aria-hidden=\"true\" class=\"wp-block-cover__background has-black-background-color has-background-dim-40 has-background-dim\"><\/span><div class=\"wp-block-cover__inner-container is-layout-flow wp-block-cover-is-layout-flow\">\n<div class=\"wp-block-group has-global-padding is-layout-constrained wp-block-group-is-layout-constrained\">\n<h3 class=\"wp-block-heading has-text-align-center has-text-color has-medium-font-size\" style=\"color:#fffffa;text-transform:uppercase\"><strong>une nouvelle vision de la vie en colocation<\/strong><\/h3>\n\n\n\n<p class=\"has-text-align-center has-white-color has-text-color\">Chez <strong>bloominn<\/strong>, nous croyons que la vie en communaut\u00e9 peut \u00eatre synonyme de confort et de s\u00e9r\u00e9nit\u00e9. Nos maisons de coliving sont soigneusement am\u00e9nag\u00e9es pour offrir \u00e0 chaque r\u00e9sident une exp\u00e9rience de vie agr\u00e9able, m\u00ealant design contemporain, commodit\u00e9s de premier ordre et espaces partag\u00e9s chaleureux.<\/p>\n\n\n\n<div style=\"height:31px\" aria-hidden=\"true\" class=\"wp-block-spacer\"><\/div>\n\n\n\n<div class=\"wp-block-buttons is-horizontal is-content-justification-center is-layout-flex wp-container-core-buttons-is-layout-03627597 wp-block-buttons-is-layout-flex\">\n<div class=\"wp-block-button is-style-outline is-style-outline--5\"><a class=\"wp-block-button__link has-white-color has-text-color wp-element-button\" href=\"#\" style=\"border-radius:0px\">contactez-nous<\/a><\/div>\n<\/div>\n<\/div>\n<\/div><\/div>\n\n\n\n<div class=\"wp-block-group alignfull is-style-default has-white-color has-header-footer-background-color has-text-color has-background has-link-color has-small-font-size wp-elements-f964ec4eee60a0799975cf59ab94ddb1 has-global-padding is-layout-constrained wp-block-group-is-layout-constrained\" id=\"social-cta\" style=\"margin-top:0px;padding-top:40px;padding-bottom:40px\">\n<div class=\"wp-block-columns is-layout-flex wp-container-core-columns-is-layout-28f84493 wp-block-columns-is-layout-flex\">\n<div class=\"wp-block-column is-vertically-aligned-center is-layout-flow wp-block-column-is-layout-flow\">\n<figure class=\"wp-block-image aligncenter size-full is-resized\"><img loading=\"lazy\" decoding=\"async\" width=\"977\" height=\"457\" src=\"http:\/\/bloominn.fr\/wp-content\/uploads\/2025\/02\/Logo-bloominn_fleurs_blanches-1.png\" alt=\"\" class=\"wp-image-124\" style=\"width:150px;height:auto\" srcset=\"https:\/\/bloominn.fr\/wp-content\/uploads\/2025\/02\/Logo-bloominn_fleurs_blanches-1.png 977w, https:\/\/bloominn.fr\/wp-content\/uploads\/2025\/02\/Logo-bloominn_fleurs_blanches-1-300x140.png 300w, https:\/\/bloominn.fr\/wp-content\/uploads\/2025\/02\/Logo-bloominn_fleurs_blanches-1-768x359.png 768w\" sizes=\"auto, (max-width: 977px) 100vw, 977px\" \/><\/figure>\n<\/div>\n\n\n\n<div class=\"wp-block-column is-layout-flow wp-block-column-is-layout-flow\">\n<p><\/p>\n\n\n\n<p>Suivez-nous sur les r\u00e9seaux sociaux<\/p>\n\n\n\n<p><strong><a href=\"https:\/\/www.instagram.com\/bloominn_coliving\/\" data-type=\"link\" data-id=\"https:\/\/www.instagram.com\/bloominn_coliving\/\">Instagram<\/a><\/strong><\/p>\n<\/div>\n\n\n\n<div class=\"wp-block-column is-layout-flow wp-block-column-is-layout-flow\"><p class=\"wp-block-site-tagline\">Le coliving survitamin\u00e9<\/p><\/div>\n\n\n\n<div class=\"wp-block-column is-layout-flow wp-block-column-is-layout-flow\">\n<p><\/p>\n\n\n\n<p class=\"has-text-align-right\"><strong>Contact<\/strong><\/p>\n\n\n\n<p class=\"has-text-align-right\">contact@bloominn.fr<\/p>\n<\/div>\n<\/div>\n<\/div>\n\n\n\n<p><\/p>\n","protected":false},"excerpt":{"rendered":"<p>bienvenue chez vous Retrouvez notre collection de maisons sp\u00e9cialement con\u00e7ues pour celles et ceux qui recherchent un \u00e9quilibre parfait entre confort, communaut\u00e9 et modernit\u00e9. bloominn r\u00e9invente l&#8217;art de vivre en colocation en offrant des espaces \u00e9l\u00e9gants et sophistiqu\u00e9s, o\u00f9 chaque d\u00e9tail est pens\u00e9 pour maximiser le bien-\u00eatre et la convivialit\u00e9. Que vous soyez un professionnel &hellip; <\/p>\n<p class=\"link-more\"><a href=\"https:\/\/bloominn.fr\/\" class=\"more-link\">Read more<span class=\"screen-reader-text\"> &#8220;bloominn&#8221;<\/span><\/a><\/p>\n","protected":false},"author":1,"featured_media":0,"parent":0,"menu_order":0,"comment_status":"closed","ping_status":"closed","template":"page-templates\/homepage-no-hero.php","meta":{"footnotes":""},"class_list":["post-172","page","type-page","status-publish","hentry"],"featured_media_urls":[],"_links":{"self":[{"href":"https:\/\/bloominn.fr\/index.php\/wp-json\/wp\/v2\/pages\/172","targetHints":{"allow":["GET"]}}],"collection":[{"href":"https:\/\/bloominn.fr\/index.php\/wp-json\/wp\/v2\/pages"}],"about":[{"href":"https:\/\/bloominn.fr\/index.php\/wp-json\/wp\/v2\/types\/page"}],"author":[{"embeddable":true,"href":"https:\/\/bloominn.fr\/index.php\/wp-json\/wp\/v2\/users\/1"}],"replies":[{"embeddable":true,"href":"https:\/\/bloominn.fr\/index.php\/wp-json\/wp\/v2\/comments?post=172"}],"version-history":[{"count":58,"href":"https:\/\/bloominn.fr\/index.php\/wp-json\/wp\/v2\/pages\/172\/revisions"}],"predecessor-version":[{"id":619,"href":"https:\/\/bloominn.fr\/index.php\/wp-json\/wp\/v2\/pages\/172\/revisions\/619"}],"wp:attachment":[{"href":"https:\/\/bloominn.fr\/index.php\/wp-json\/wp\/v2\/media?parent=172"}],"curies":[{"name":"wp","href":"https:\/\/api.w.org\/{rel}","templated":true}]}}