{"id":173,"date":"2025-02-06T16:11:16","date_gmt":"2025-02-06T15:11:16","guid":{"rendered":"https:\/\/bloominn.fr\/?page_id=173"},"modified":"2025-05-12T14:53:17","modified_gmt":"2025-05-12T12:53:17","slug":"about","status":"publish","type":"page","link":"https:\/\/bloominn.fr\/index.php\/about\/","title":{"rendered":"A propos"},"content":{"rendered":"\n<h2 class=\"wp-block-heading\" id=\"inspiro-is-a-digital-product-agency-that-focuses-on-strategy-and-design\" style=\"font-size:clamp(20.515px, 1.282rem + ((1vw - 3.2px) * 1.301), 33px);font-style:normal;font-weight:100;line-height:1.2\"><strong>Bienvenue chez <strong>bloominn<\/strong>, une collection exclusive de maisons de coliving haut de gamme situ\u00e9es au c\u0153ur de Lyon<\/strong><\/h2>\n\n\n\n<div style=\"height:36px\" aria-hidden=\"true\" class=\"wp-block-spacer\"><\/div>\n\n\n\n<div class=\"wp-block-columns alignwide is-layout-flex wp-container-core-columns-is-layout-28f84493 wp-block-columns-is-layout-flex\">\n<div class=\"wp-block-column is-layout-flow wp-block-column-is-layout-flow\">\n<figure class=\"wp-block-image size-large\"><img loading=\"lazy\" decoding=\"async\" width=\"1024\" height=\"576\" src=\"http:\/\/bloominn.fr\/wp-content\/uploads\/2025\/02\/My-Room-Colocation-Herideaux-08262024_192440-1024x576.jpg\" alt=\"\" class=\"wp-image-76\" style=\"aspect-ratio:1;object-fit:cover\" srcset=\"https:\/\/bloominn.fr\/wp-content\/uploads\/2025\/02\/My-Room-Colocation-Herideaux-08262024_192440-1024x576.jpg 1024w, https:\/\/bloominn.fr\/wp-content\/uploads\/2025\/02\/My-Room-Colocation-Herideaux-08262024_192440-300x169.jpg 300w, https:\/\/bloominn.fr\/wp-content\/uploads\/2025\/02\/My-Room-Colocation-Herideaux-08262024_192440-768x432.jpg 768w, https:\/\/bloominn.fr\/wp-content\/uploads\/2025\/02\/My-Room-Colocation-Herideaux-08262024_192440-1536x864.jpg 1536w, https:\/\/bloominn.fr\/wp-content\/uploads\/2025\/02\/My-Room-Colocation-Herideaux-08262024_192440-2048x1152.jpg 2048w\" sizes=\"auto, (max-width: 1024px) 100vw, 1024px\" \/><\/figure>\n\n\n\n<p class=\"has-primary-color has-text-color has-link-color has-medium-font-size wp-elements-65071807a142cda137606f5b56b38223\"><a href=\"#\">Originalit\u00e9<\/a><\/p>\n\n\n\n<p class=\"has-text-color\" style=\"color:#7a7a7a\">Toutes nos maisons poss\u00e8dent une originalit\u00e9 propre. Elles vous emm\u00e8nent ainsi dans leurs univers respectifs pour vous proposer des lieux de vie uniques et agr\u00e9ables \u00e0 vivre au quotidien. Tout est pens\u00e9 pour votre confort et votre bien-\u00eatre.<\/p>\n<\/div>\n\n\n\n<div class=\"wp-block-column is-layout-flow wp-block-column-is-layout-flow\">\n<figure class=\"wp-block-image size-full\"><img loading=\"lazy\" decoding=\"async\" width=\"768\" height=\"1024\" src=\"http:\/\/bloominn.fr\/wp-content\/uploads\/2025\/02\/d2f06bb1-93f4-4151-b2d7-a2bbcd425d09.jpg\" alt=\"\" class=\"wp-image-14\" style=\"aspect-ratio:1;object-fit:cover\" srcset=\"https:\/\/bloominn.fr\/wp-content\/uploads\/2025\/02\/d2f06bb1-93f4-4151-b2d7-a2bbcd425d09.jpg 768w, https:\/\/bloominn.fr\/wp-content\/uploads\/2025\/02\/d2f06bb1-93f4-4151-b2d7-a2bbcd425d09-225x300.jpg 225w\" sizes=\"auto, (max-width: 768px) 100vw, 768px\" \/><\/figure>\n\n\n\n<p class=\"has-primary-color has-text-color has-link-color has-medium-font-size wp-elements-a8e35f26cc4cc46d8775beecc05dac8c\"><a href=\"#\">Convivialit\u00e9<\/a><\/p>\n\n\n\n<p class=\"has-text-color\" style=\"color:#7a7a7a\">bloominn met un point d&#8217;honneur \u00e0 la convivialit\u00e9. C&#8217;est pourquoi chacune de nos maisons poss\u00e8dent des espaces de vie communs, de jeux et de distractions pour permettre des moments de d\u00e9tente et de rire avec les autres habitants de votre logement. <\/p>\n<\/div>\n\n\n\n<div class=\"wp-block-column is-layout-flow wp-block-column-is-layout-flow\">\n<figure class=\"wp-block-image size-large\"><img loading=\"lazy\" decoding=\"async\" width=\"1024\" height=\"576\" src=\"http:\/\/bloominn.fr\/wp-content\/uploads\/2025\/02\/My-Room-Colocation-San-Francisco-03272024_220426-Chambre-1-1-1024x576.jpg\" alt=\"\" class=\"wp-image-216\" style=\"aspect-ratio:1;object-fit:cover\" srcset=\"https:\/\/bloominn.fr\/wp-content\/uploads\/2025\/02\/My-Room-Colocation-San-Francisco-03272024_220426-Chambre-1-1-1024x576.jpg 1024w, https:\/\/bloominn.fr\/wp-content\/uploads\/2025\/02\/My-Room-Colocation-San-Francisco-03272024_220426-Chambre-1-1-300x169.jpg 300w, https:\/\/bloominn.fr\/wp-content\/uploads\/2025\/02\/My-Room-Colocation-San-Francisco-03272024_220426-Chambre-1-1-2000x1125.jpg 2000w\" sizes=\"auto, (max-width: 1024px) 100vw, 1024px\" \/><\/figure>\n\n\n\n<p class=\"has-primary-color has-text-color has-link-color has-medium-font-size wp-elements-3fad8a071ad2def094ac74be2ad03bb9\"><a href=\"#\">Respect de l&#8217;intimit\u00e9<\/a><\/p>\n\n\n\n<p class=\"has-text-color\" style=\"color:#7a7a7a\">Vivre ensemble c&#8217;est bien mais chez bloominn nous savons qu&#8217;il est essentiel de vous proposer des logements qui respectent \u00e9galement votre intimit\u00e9. Ainsi, chaque logement est \u00e9quip\u00e9 d&#8217;une chambre individuelle confortable et de sa propre salle d&#8217;eau. <\/p>\n<\/div>\n<\/div>\n\n\n\n<div style=\"height:100px\" aria-hidden=\"true\" class=\"wp-block-spacer\"><\/div>\n\n\n\n<h3 class=\"wp-block-heading has-large-font-size\" id=\"inspiro-is-a-digital-product-agency-that-focuses-on-strategy-and-desig\" style=\"font-style:normal;font-weight:300\">Vivre ensemble dans la bonne humeur &amp; le respect<\/h3>\n\n\n\n<figure class=\"wp-block-gallery has-nested-images columns-default is-cropped wp-block-gallery-1 is-layout-flex wp-block-gallery-is-layout-flex\">\n<figure class=\"wp-block-image size-large\"><img loading=\"lazy\" decoding=\"async\" width=\"800\" height=\"450\" data-id=\"538\" src=\"https:\/\/bloominn.fr\/wp-content\/uploads\/2025\/04\/visuel-coliving-03.jpg\" alt=\"\" class=\"wp-image-538\" srcset=\"https:\/\/bloominn.fr\/wp-content\/uploads\/2025\/04\/visuel-coliving-03.jpg 800w, https:\/\/bloominn.fr\/wp-content\/uploads\/2025\/04\/visuel-coliving-03-300x169.jpg 300w\" sizes=\"auto, (max-width: 800px) 100vw, 800px\" \/><\/figure>\n\n\n\n<figure class=\"wp-block-image size-large\"><img loading=\"lazy\" decoding=\"async\" width=\"1024\" height=\"614\" data-id=\"501\" src=\"https:\/\/bloominn.fr\/wp-content\/uploads\/2025\/03\/cropped-what-is-coliving-and-why-is-it-so-popular-2-1024x614.webp\" alt=\"\" class=\"wp-image-501\" srcset=\"https:\/\/bloominn.fr\/wp-content\/uploads\/2025\/03\/cropped-what-is-coliving-and-why-is-it-so-popular-2-1024x614.webp 1024w, https:\/\/bloominn.fr\/wp-content\/uploads\/2025\/03\/cropped-what-is-coliving-and-why-is-it-so-popular-2-300x180.webp 300w, https:\/\/bloominn.fr\/wp-content\/uploads\/2025\/03\/cropped-what-is-coliving-and-why-is-it-so-popular-2.webp 2000w\" sizes=\"auto, (max-width: 1024px) 100vw, 1024px\" \/><\/figure>\n\n\n\n<figure class=\"wp-block-image size-large\"><img loading=\"lazy\" decoding=\"async\" width=\"1024\" height=\"683\" data-id=\"37\" src=\"https:\/\/bloominn.fr\/wp-content\/uploads\/2025\/02\/lyon-085-1024x683.jpg\" alt=\"\" class=\"wp-image-37\" srcset=\"https:\/\/bloominn.fr\/wp-content\/uploads\/2025\/02\/lyon-085-1024x683.jpg 1024w, https:\/\/bloominn.fr\/wp-content\/uploads\/2025\/02\/lyon-085-300x200.jpg 300w, https:\/\/bloominn.fr\/wp-content\/uploads\/2025\/02\/lyon-085-768x512.jpg 768w, https:\/\/bloominn.fr\/wp-content\/uploads\/2025\/02\/lyon-085.jpg 1500w\" sizes=\"auto, (max-width: 1024px) 100vw, 1024px\" \/><\/figure>\n\n\n\n<figure class=\"wp-block-image size-large\"><img loading=\"lazy\" decoding=\"async\" width=\"1024\" height=\"683\" data-id=\"34\" src=\"https:\/\/bloominn.fr\/wp-content\/uploads\/2025\/02\/lyon-078-1024x683.jpg\" alt=\"\" class=\"wp-image-34\" srcset=\"https:\/\/bloominn.fr\/wp-content\/uploads\/2025\/02\/lyon-078-1024x683.jpg 1024w, https:\/\/bloominn.fr\/wp-content\/uploads\/2025\/02\/lyon-078-300x200.jpg 300w, https:\/\/bloominn.fr\/wp-content\/uploads\/2025\/02\/lyon-078-768x512.jpg 768w, https:\/\/bloominn.fr\/wp-content\/uploads\/2025\/02\/lyon-078.jpg 1500w\" sizes=\"auto, (max-width: 1024px) 100vw, 1024px\" \/><\/figure>\n\n\n\n<figure class=\"wp-block-image size-large\"><img loading=\"lazy\" decoding=\"async\" width=\"1024\" height=\"768\" data-id=\"13\" src=\"https:\/\/bloominn.fr\/wp-content\/uploads\/2025\/02\/cec988d7-237a-4705-b717-fb4a76ffb5c8.jpg\" alt=\"\" class=\"wp-image-13\" srcset=\"https:\/\/bloominn.fr\/wp-content\/uploads\/2025\/02\/cec988d7-237a-4705-b717-fb4a76ffb5c8.jpg 1024w, https:\/\/bloominn.fr\/wp-content\/uploads\/2025\/02\/cec988d7-237a-4705-b717-fb4a76ffb5c8-300x225.jpg 300w, https:\/\/bloominn.fr\/wp-content\/uploads\/2025\/02\/cec988d7-237a-4705-b717-fb4a76ffb5c8-768x576.jpg 768w\" sizes=\"auto, (max-width: 1024px) 100vw, 1024px\" \/><\/figure>\n\n\n\n<figure class=\"wp-block-image size-large\"><img loading=\"lazy\" decoding=\"async\" width=\"768\" height=\"1024\" data-id=\"11\" src=\"https:\/\/bloominn.fr\/wp-content\/uploads\/2025\/02\/bdfd798e-23bc-4315-be8d-69fe3f08c001.jpg\" alt=\"\" class=\"wp-image-11\" srcset=\"https:\/\/bloominn.fr\/wp-content\/uploads\/2025\/02\/bdfd798e-23bc-4315-be8d-69fe3f08c001.jpg 768w, https:\/\/bloominn.fr\/wp-content\/uploads\/2025\/02\/bdfd798e-23bc-4315-be8d-69fe3f08c001-225x300.jpg 225w\" sizes=\"auto, (max-width: 768px) 100vw, 768px\" \/><\/figure>\n\n\n\n<figure class=\"wp-block-image size-large\"><img loading=\"lazy\" decoding=\"async\" width=\"768\" height=\"1024\" data-id=\"10\" src=\"https:\/\/bloominn.fr\/wp-content\/uploads\/2025\/02\/895f781f-6348-4e50-962c-4a6bedea3b00.jpg\" alt=\"\" class=\"wp-image-10\" srcset=\"https:\/\/bloominn.fr\/wp-content\/uploads\/2025\/02\/895f781f-6348-4e50-962c-4a6bedea3b00.jpg 768w, https:\/\/bloominn.fr\/wp-content\/uploads\/2025\/02\/895f781f-6348-4e50-962c-4a6bedea3b00-225x300.jpg 225w\" sizes=\"auto, (max-width: 768px) 100vw, 768px\" \/><\/figure>\n\n\n\n<figure class=\"wp-block-image size-large\"><img loading=\"lazy\" decoding=\"async\" width=\"1024\" height=\"768\" data-id=\"16\" src=\"https:\/\/bloominn.fr\/wp-content\/uploads\/2025\/02\/e5f71897-099f-4a6d-abb1-0bb4cd26b053.jpg\" alt=\"\" class=\"wp-image-16\" srcset=\"https:\/\/bloominn.fr\/wp-content\/uploads\/2025\/02\/e5f71897-099f-4a6d-abb1-0bb4cd26b053.jpg 1024w, https:\/\/bloominn.fr\/wp-content\/uploads\/2025\/02\/e5f71897-099f-4a6d-abb1-0bb4cd26b053-300x225.jpg 300w, https:\/\/bloominn.fr\/wp-content\/uploads\/2025\/02\/e5f71897-099f-4a6d-abb1-0bb4cd26b053-768x576.jpg 768w\" sizes=\"auto, (max-width: 1024px) 100vw, 1024px\" \/><\/figure>\n<\/figure>\n\n\n\n<div style=\"height:100px\" aria-hidden=\"true\" class=\"wp-block-spacer\"><\/div>\n\n\n\n<h2 class=\"wp-block-heading\">Notre collections de maisons<\/h2>\n\n\n\n<div class=\"wp-block-columns is-layout-flex wp-container-core-columns-is-layout-28f84493 wp-block-columns-is-layout-flex\">\n<div class=\"wp-block-column is-layout-flow wp-block-column-is-layout-flow\">\n<div class=\"wp-block-cover\"><img loading=\"lazy\" decoding=\"async\" width=\"1024\" height=\"683\" class=\"wp-block-cover__image-background wp-image-8\" alt=\"\" src=\"http:\/\/bloominn.fr\/wp-content\/uploads\/2025\/02\/lyon-052-1024x683.jpg\" style=\"object-position:6% 57%\" data-object-fit=\"cover\" data-object-position=\"6% 57%\" srcset=\"https:\/\/bloominn.fr\/wp-content\/uploads\/2025\/02\/lyon-052-1024x683.jpg 1024w, https:\/\/bloominn.fr\/wp-content\/uploads\/2025\/02\/lyon-052-300x200.jpg 300w, https:\/\/bloominn.fr\/wp-content\/uploads\/2025\/02\/lyon-052-768x513.jpg 768w, https:\/\/bloominn.fr\/wp-content\/uploads\/2025\/02\/lyon-052.jpg 1500w\" sizes=\"auto, (max-width: 1024px) 100vw, 1024px\" \/><span aria-hidden=\"true\" class=\"wp-block-cover__background has-background-dim\"><\/span><div class=\"wp-block-cover__inner-container is-layout-flow wp-block-cover-is-layout-flow\">\n<h3 class=\"wp-block-heading has-text-align-center has-white-color has-text-color has-link-color has-medium-font-size wp-elements-aa2b38f293cd54f84f79f9ebb4f0845d\" style=\"border-width:2px;padding-right:8px;padding-left:8px\"><a href=\"https:\/\/bloominn.fr\/index.php\/page-d-exemple\/\" data-type=\"page\" data-id=\"2\">bloominn LINK<\/a><\/h3>\n<\/div><\/div>\n<\/div>\n\n\n\n<div class=\"wp-block-column is-layout-flow wp-block-column-is-layout-flow\">\n<div class=\"wp-block-cover\"><img loading=\"lazy\" decoding=\"async\" width=\"1024\" height=\"576\" class=\"wp-block-cover__image-background wp-image-59\" alt=\"\" src=\"http:\/\/bloominn.fr\/wp-content\/uploads\/2025\/02\/SCI-K-Lyon-JJR-O-Photos-Piece-de-Vie-2-1024x576.jpg\" style=\"object-position:54% 46%\" data-object-fit=\"cover\" data-object-position=\"54% 46%\" srcset=\"https:\/\/bloominn.fr\/wp-content\/uploads\/2025\/02\/SCI-K-Lyon-JJR-O-Photos-Piece-de-Vie-2-1024x576.jpg 1024w, https:\/\/bloominn.fr\/wp-content\/uploads\/2025\/02\/SCI-K-Lyon-JJR-O-Photos-Piece-de-Vie-2-300x169.jpg 300w, https:\/\/bloominn.fr\/wp-content\/uploads\/2025\/02\/SCI-K-Lyon-JJR-O-Photos-Piece-de-Vie-2-768x432.jpg 768w, https:\/\/bloominn.fr\/wp-content\/uploads\/2025\/02\/SCI-K-Lyon-JJR-O-Photos-Piece-de-Vie-2-1536x864.jpg 1536w, https:\/\/bloominn.fr\/wp-content\/uploads\/2025\/02\/SCI-K-Lyon-JJR-O-Photos-Piece-de-Vie-2-2048x1152.jpg 2048w\" sizes=\"auto, (max-width: 1024px) 100vw, 1024px\" \/><span aria-hidden=\"true\" class=\"wp-block-cover__background has-background-dim\"><\/span><div class=\"wp-block-cover__inner-container is-layout-flow wp-block-cover-is-layout-flow\">\n<h3 class=\"wp-block-heading has-text-align-center has-white-color has-text-color has-link-color has-medium-font-size wp-elements-0c13901adcc8e185a2f99767a5e06df4\" style=\"border-width:2px;padding-right:8px;padding-left:8px\"><a href=\"https:\/\/bloominn.fr\/index.php\/au-rythme-de-la-musique\/\" data-type=\"page\" data-id=\"322\">bloominn TEMPO<\/a><\/h3>\n<\/div><\/div>\n<\/div>\n\n\n\n<div class=\"wp-block-column is-layout-flow wp-block-column-is-layout-flow\">\n<div class=\"wp-block-cover\"><img loading=\"lazy\" decoding=\"async\" width=\"1024\" height=\"576\" class=\"wp-block-cover__image-background wp-image-99\" alt=\"\" src=\"http:\/\/bloominn.fr\/wp-content\/uploads\/2025\/02\/My-Room-Colocation-San-Francisco-03272024_220142-1024x576.jpg\" style=\"object-position:91% 50%\" data-object-fit=\"cover\" data-object-position=\"91% 50%\" srcset=\"https:\/\/bloominn.fr\/wp-content\/uploads\/2025\/02\/My-Room-Colocation-San-Francisco-03272024_220142-1024x576.jpg 1024w, https:\/\/bloominn.fr\/wp-content\/uploads\/2025\/02\/My-Room-Colocation-San-Francisco-03272024_220142-300x169.jpg 300w, https:\/\/bloominn.fr\/wp-content\/uploads\/2025\/02\/My-Room-Colocation-San-Francisco-03272024_220142-768x432.jpg 768w, https:\/\/bloominn.fr\/wp-content\/uploads\/2025\/02\/My-Room-Colocation-San-Francisco-03272024_220142-1536x864.jpg 1536w, https:\/\/bloominn.fr\/wp-content\/uploads\/2025\/02\/My-Room-Colocation-San-Francisco-03272024_220142-2048x1152.jpg 2048w\" sizes=\"auto, (max-width: 1024px) 100vw, 1024px\" \/><span aria-hidden=\"true\" class=\"wp-block-cover__background has-background-dim\"><\/span><div class=\"wp-block-cover__inner-container is-layout-flow wp-block-cover-is-layout-flow\">\n<h3 class=\"wp-block-heading has-text-align-center has-white-color has-text-color has-link-color has-medium-font-size wp-elements-419232a39886504e99c6b62daca58523\" style=\"border-width:2px;padding-right:8px;padding-left:8px\"><a href=\"https:\/\/bloominn.fr\/index.php\/au-fil-de-la-lumiere\/\" data-type=\"page\" data-id=\"350\">bloominn GLOW<\/a><\/h3>\n<\/div><\/div>\n<\/div>\n\n\n\n<div class=\"wp-block-column is-layout-flow wp-block-column-is-layout-flow\">\n<div class=\"wp-block-cover\"><img loading=\"lazy\" decoding=\"async\" width=\"1024\" height=\"576\" class=\"wp-block-cover__image-background wp-image-76\" alt=\"\" src=\"http:\/\/bloominn.fr\/wp-content\/uploads\/2025\/02\/My-Room-Colocation-Herideaux-08262024_192440-1024x576.jpg\" style=\"object-position:57% 54%\" data-object-fit=\"cover\" data-object-position=\"57% 54%\" srcset=\"https:\/\/bloominn.fr\/wp-content\/uploads\/2025\/02\/My-Room-Colocation-Herideaux-08262024_192440-1024x576.jpg 1024w, https:\/\/bloominn.fr\/wp-content\/uploads\/2025\/02\/My-Room-Colocation-Herideaux-08262024_192440-300x169.jpg 300w, https:\/\/bloominn.fr\/wp-content\/uploads\/2025\/02\/My-Room-Colocation-Herideaux-08262024_192440-768x432.jpg 768w, https:\/\/bloominn.fr\/wp-content\/uploads\/2025\/02\/My-Room-Colocation-Herideaux-08262024_192440-1536x864.jpg 1536w, https:\/\/bloominn.fr\/wp-content\/uploads\/2025\/02\/My-Room-Colocation-Herideaux-08262024_192440-2048x1152.jpg 2048w\" sizes=\"auto, (max-width: 1024px) 100vw, 1024px\" \/><span aria-hidden=\"true\" class=\"wp-block-cover__background has-background-dim\"><\/span><div class=\"wp-block-cover__inner-container is-layout-flow wp-block-cover-is-layout-flow\">\n<h3 class=\"wp-block-heading has-text-align-center has-white-color has-text-color has-link-color has-medium-font-size wp-elements-67c1e2dc771b897bcc5da9dc0ad536e7\" style=\"border-width:2px;padding-right:8px;padding-left:8px\"><a href=\"https:\/\/bloominn.fr\/index.php\/effervescence-de-couleurs\/\" data-type=\"page\" data-id=\"371\">bloominn POP<\/a><\/h3>\n<\/div><\/div>\n<\/div>\n<\/div>\n\n\n\n<p><\/p>\n","protected":false},"excerpt":{"rendered":"<p>Bienvenue chez bloominn, une collection exclusive de maisons de coliving haut de gamme situ\u00e9es au c\u0153ur de Lyon Originalit\u00e9 Toutes nos maisons poss\u00e8dent une originalit\u00e9 propre. Elles vous emm\u00e8nent ainsi dans leurs univers respectifs pour vous proposer des lieux de vie uniques et agr\u00e9ables \u00e0 vivre au quotidien. Tout est pens\u00e9 pour votre confort et &hellip; <\/p>\n<p class=\"link-more\"><a href=\"https:\/\/bloominn.fr\/index.php\/about\/\" class=\"more-link\">Read more<span class=\"screen-reader-text\"> &#8220;A propos&#8221;<\/span><\/a><\/p>\n","protected":false},"author":1,"featured_media":62,"parent":0,"menu_order":0,"comment_status":"closed","ping_status":"closed","template":"","meta":{"footnotes":""},"class_list":["post-173","page","type-page","status-publish","has-post-thumbnail","hentry"],"featured_media_urls":{"thumbnail":["https:\/\/bloominn.fr\/wp-content\/uploads\/2025\/02\/SCI-K-Lyon-JJR-O-Photos-Terrasse-1er-150x150.jpg",150,150,true],"medium":["https:\/\/bloominn.fr\/wp-content\/uploads\/2025\/02\/SCI-K-Lyon-JJR-O-Photos-Terrasse-1er-300x169.jpg",300,169,true],"medium_large":["https:\/\/bloominn.fr\/wp-content\/uploads\/2025\/02\/SCI-K-Lyon-JJR-O-Photos-Terrasse-1er-768x432.jpg",768,432,true],"large":["https:\/\/bloominn.fr\/wp-content\/uploads\/2025\/02\/SCI-K-Lyon-JJR-O-Photos-Terrasse-1er-1024x576.jpg",950,534,true],"1536x1536":["https:\/\/bloominn.fr\/wp-content\/uploads\/2025\/02\/SCI-K-Lyon-JJR-O-Photos-Terrasse-1er-1536x864.jpg",1536,864,true],"2048x2048":["https:\/\/bloominn.fr\/wp-content\/uploads\/2025\/02\/SCI-K-Lyon-JJR-O-Photos-Terrasse-1er-2048x1152.jpg",2048,1152,true],"inspiro-featured-image":["https:\/\/bloominn.fr\/wp-content\/uploads\/2025\/02\/SCI-K-Lyon-JJR-O-Photos-Terrasse-1er-scaled-2000x1125.jpg",2000,1125,true],"inspiro-loop":["https:\/\/bloominn.fr\/wp-content\/uploads\/2025\/02\/SCI-K-Lyon-JJR-O-Photos-Terrasse-1er-scaled-950x320.jpg",950,320,true],"inspiro-loop@2x":["https:\/\/bloominn.fr\/wp-content\/uploads\/2025\/02\/SCI-K-Lyon-JJR-O-Photos-Terrasse-1er-scaled-1900x640.jpg",1900,640,true],"portfolio_item-thumbnail":["https:\/\/bloominn.fr\/wp-content\/uploads\/2025\/02\/SCI-K-Lyon-JJR-O-Photos-Terrasse-1er-scaled-600x400.jpg",600,400,true],"portfolio_item-thumbnail@2x":["https:\/\/bloominn.fr\/wp-content\/uploads\/2025\/02\/SCI-K-Lyon-JJR-O-Photos-Terrasse-1er-scaled-1200x800.jpg",1200,800,true],"portfolio_item-masonry":["https:\/\/bloominn.fr\/wp-content\/uploads\/2025\/02\/SCI-K-Lyon-JJR-O-Photos-Terrasse-1er-scaled-600x338.jpg",600,338,true],"portfolio_item-masonry@2x":["https:\/\/bloominn.fr\/wp-content\/uploads\/2025\/02\/SCI-K-Lyon-JJR-O-Photos-Terrasse-1er-scaled-1200x675.jpg",1200,675,true],"portfolio_item-thumbnail_cinema":["https:\/\/bloominn.fr\/wp-content\/uploads\/2025\/02\/SCI-K-Lyon-JJR-O-Photos-Terrasse-1er-scaled-800x335.jpg",800,335,true],"portfolio_item-thumbnail_portrait":["https:\/\/bloominn.fr\/wp-content\/uploads\/2025\/02\/SCI-K-Lyon-JJR-O-Photos-Terrasse-1er-scaled-600x900.jpg",600,900,true],"portfolio_item-thumbnail_portrait@2x":["https:\/\/bloominn.fr\/wp-content\/uploads\/2025\/02\/SCI-K-Lyon-JJR-O-Photos-Terrasse-1er-scaled-1200x1440.jpg",1200,1440,true],"portfolio_item-thumbnail_square":["https:\/\/bloominn.fr\/wp-content\/uploads\/2025\/02\/SCI-K-Lyon-JJR-O-Photos-Terrasse-1er-scaled-800x800.jpg",800,800,true]},"_links":{"self":[{"href":"https:\/\/bloominn.fr\/index.php\/wp-json\/wp\/v2\/pages\/173","targetHints":{"allow":["GET"]}}],"collection":[{"href":"https:\/\/bloominn.fr\/index.php\/wp-json\/wp\/v2\/pages"}],"about":[{"href":"https:\/\/bloominn.fr\/index.php\/wp-json\/wp\/v2\/types\/page"}],"author":[{"embeddable":true,"href":"https:\/\/bloominn.fr\/index.php\/wp-json\/wp\/v2\/users\/1"}],"replies":[{"embeddable":true,"href":"https:\/\/bloominn.fr\/index.php\/wp-json\/wp\/v2\/comments?post=173"}],"version-history":[{"count":17,"href":"https:\/\/bloominn.fr\/index.php\/wp-json\/wp\/v2\/pages\/173\/revisions"}],"predecessor-version":[{"id":560,"href":"https:\/\/bloominn.fr\/index.php\/wp-json\/wp\/v2\/pages\/173\/revisions\/560"}],"wp:featuredmedia":[{"embeddable":true,"href":"https:\/\/bloominn.fr\/index.php\/wp-json\/wp\/v2\/media\/62"}],"wp:attachment":[{"href":"https:\/\/bloominn.fr\/index.php\/wp-json\/wp\/v2\/media?parent=173"}],"curies":[{"name":"wp","href":"https:\/\/api.w.org\/{rel}","templated":true}]}}