{"id":514,"date":"2025-04-08T18:04:10","date_gmt":"2025-04-08T16:04:10","guid":{"rendered":"https:\/\/bloominn.fr\/?page_id=514"},"modified":"2025-05-12T17:26:54","modified_gmt":"2025-05-12T15:26:54","slug":"decouvrez-nos-maisons","status":"publish","type":"page","link":"https:\/\/bloominn.fr\/index.php\/decouvrez-nos-maisons\/","title":{"rendered":"D\u00e9couvrez nos maisons"},"content":{"rendered":"\n<div class=\"wp-block-group has-global-padding is-layout-constrained wp-block-group-is-layout-constrained\">\n<div class=\"wp-block-group is-layout-flow wp-block-group-is-layout-flow\">\n<p class=\"has-foreground-color has-text-color\">Nos maisons haut de gamme vous permettront de partager des instants inoubliables avec la communaut\u00e9 bloominn. <\/p>\n\n\n\n<h2 class=\"wp-block-heading has-large-font-size\">Quelle sera la v\u00f4tre ?<\/h2>\n\n\n\n<div style=\"height:32px\" aria-hidden=\"true\" class=\"wp-block-spacer\"><\/div>\n\n\n\n<div style=\"height:0px\" aria-hidden=\"true\" class=\"wp-block-spacer\"><\/div>\n\n\n\n<div class=\"wp-block-columns is-layout-flex wp-container-core-columns-is-layout-28f84493 wp-block-columns-is-layout-flex\">\n<div class=\"wp-block-column is-style-default is-layout-flow wp-block-column-is-layout-flow\" style=\"border-style:none;border-width:0px;padding-top:0;padding-right:0;padding-bottom:0;padding-left:0\">\n<figure class=\"wp-block-image size-full\"><a href=\"https:\/\/www.my-room.fr\/coliving\/lyon\/95-GOUY\"><img loading=\"lazy\" decoding=\"async\" width=\"1500\" height=\"1000\" src=\"http:\/\/bloominn.fr\/wp-content\/uploads\/2025\/02\/lyon-077.jpg\" alt=\"\" class=\"wp-image-33\" style=\"aspect-ratio:4\/3;object-fit:cover\" srcset=\"https:\/\/bloominn.fr\/wp-content\/uploads\/2025\/02\/lyon-077.jpg 1500w, https:\/\/bloominn.fr\/wp-content\/uploads\/2025\/02\/lyon-077-300x200.jpg 300w, https:\/\/bloominn.fr\/wp-content\/uploads\/2025\/02\/lyon-077-1024x683.jpg 1024w, https:\/\/bloominn.fr\/wp-content\/uploads\/2025\/02\/lyon-077-768x512.jpg 768w\" sizes=\"auto, (max-width: 1500px) 100vw, 1500px\" \/><\/a><\/figure>\n\n\n\n<h2 class=\"wp-block-heading has-text-color has-link-color wp-elements-dc5bc926e2aa034ab51d71ce07db296f\" style=\"color:#ea4f47\"><a href=\"https:\/\/www.my-room.fr\/coliving\/lyon\/95-GOUY\" data-type=\"link\" data-id=\"https:\/\/www.my-room.fr\/coliving\/lyon\/95-GOUY\">LINK<\/a><\/h2>\n\n\n\n<p class=\"has-text-color has-link-color wp-elements-90d682861138715e8096d10f2747af24\" style=\"color:#ea4f47\">LYON 7<\/p>\n\n\n\n<p><strong>LINK<\/strong>&nbsp;propose un cadre de vie dynamique et offre un ext\u00e9rieur paisible et agr\u00e9able avec un terrain de p\u00e9tanque et une belle terrasse. La luminosit\u00e9 de sa verri\u00e8re est un v\u00e9ritable atout.<\/p>\n\n\n\n<div class=\"wp-block-buttons is-layout-flex wp-block-buttons-is-layout-flex\">\n<div class=\"wp-block-button is-style-fill\"><a class=\"wp-block-button__link has-background wp-element-button\" href=\"https:\/\/www.my-room.fr\/coliving\/lyon\/95-GOUY\" style=\"background-color:#ea4f47\"><strong>R\u00c9SERVER<\/strong><\/a><\/div>\n<\/div>\n<\/div>\n\n\n\n<div class=\"wp-block-column is-style-default is-layout-flow wp-block-column-is-layout-flow\" style=\"border-style:none;border-width:0px;padding-top:0;padding-right:0;padding-bottom:0;padding-left:0\">\n<figure class=\"wp-block-image size-full\"><a href=\"https:\/\/www.my-room.fr\/coliving\/lyon\/141-JORDERY\"><img loading=\"lazy\" decoding=\"async\" width=\"2560\" height=\"1440\" src=\"http:\/\/bloominn.fr\/wp-content\/uploads\/2025\/02\/SCI-K-Lyon-JJR-O-Photos-Piece-de-Vie-2-scaled.jpg\" alt=\"\" class=\"wp-image-59\" style=\"aspect-ratio:4\/3;object-fit:cover\" srcset=\"https:\/\/bloominn.fr\/wp-content\/uploads\/2025\/02\/SCI-K-Lyon-JJR-O-Photos-Piece-de-Vie-2-scaled.jpg 2560w, https:\/\/bloominn.fr\/wp-content\/uploads\/2025\/02\/SCI-K-Lyon-JJR-O-Photos-Piece-de-Vie-2-300x169.jpg 300w, https:\/\/bloominn.fr\/wp-content\/uploads\/2025\/02\/SCI-K-Lyon-JJR-O-Photos-Piece-de-Vie-2-1024x576.jpg 1024w, https:\/\/bloominn.fr\/wp-content\/uploads\/2025\/02\/SCI-K-Lyon-JJR-O-Photos-Piece-de-Vie-2-768x432.jpg 768w, https:\/\/bloominn.fr\/wp-content\/uploads\/2025\/02\/SCI-K-Lyon-JJR-O-Photos-Piece-de-Vie-2-1536x864.jpg 1536w, https:\/\/bloominn.fr\/wp-content\/uploads\/2025\/02\/SCI-K-Lyon-JJR-O-Photos-Piece-de-Vie-2-2048x1152.jpg 2048w\" sizes=\"auto, (max-width: 2560px) 100vw, 2560px\" \/><\/a><\/figure>\n\n\n\n<h2 class=\"wp-block-heading has-text-color has-link-color wp-elements-b465943bfb98e04ebc8a833f7feec95f\" style=\"color:#ea4f47\"><a href=\"https:\/\/www.my-room.fr\/coliving\/lyon\/141-JORDERY\" data-type=\"link\" data-id=\"https:\/\/www.my-room.fr\/coliving\/lyon\/141-JORDERY\">TEMPO<\/a><\/h2>\n\n\n\n<p class=\"has-text-color has-link-color wp-elements-36468df323bea9fb936e281640bf173f\" style=\"color:#ea4f47\">OULLINS<\/p>\n\n\n\n<p><strong>TEMPO<\/strong>&nbsp;s\u2019anime au rythme de la musique. Equip\u00e9e d\u2019un piano et d\u2019enceintes bluetooth individuelles et collectives, cette maison vous enveloppera de sa soul.<\/p>\n\n\n\n<div class=\"wp-block-buttons is-layout-flex wp-block-buttons-is-layout-flex\">\n<div class=\"wp-block-button\"><a class=\"wp-block-button__link has-background wp-element-button\" href=\"https:\/\/www.my-room.fr\/coliving\/lyon\/141-JORDERY\" style=\"background-color:#ea4f47\"><strong>R\u00c9SERVER<\/strong><\/a><\/div>\n<\/div>\n<\/div>\n<\/div>\n\n\n\n<div style=\"height:100px\" aria-hidden=\"true\" class=\"wp-block-spacer\"><\/div>\n\n\n\n<div class=\"wp-block-columns is-layout-flex wp-container-core-columns-is-layout-28f84493 wp-block-columns-is-layout-flex\">\n<div class=\"wp-block-column is-style-default is-layout-flow wp-block-column-is-layout-flow\" style=\"border-style:none;border-width:0px;padding-top:0;padding-right:0;padding-bottom:0;padding-left:0\">\n<figure class=\"wp-block-image size-full\"><a href=\"https:\/\/www.my-room.fr\/coliving\/lyon\/157-SAN-FRANCISCO\"><img loading=\"lazy\" decoding=\"async\" width=\"2560\" height=\"1440\" src=\"http:\/\/bloominn.fr\/wp-content\/uploads\/2025\/02\/My-Room-Colocation-San-Francisco-03272024_220109-scaled.jpg\" alt=\"\" class=\"wp-image-97\" style=\"aspect-ratio:4\/3;object-fit:cover\" srcset=\"https:\/\/bloominn.fr\/wp-content\/uploads\/2025\/02\/My-Room-Colocation-San-Francisco-03272024_220109-scaled.jpg 2560w, https:\/\/bloominn.fr\/wp-content\/uploads\/2025\/02\/My-Room-Colocation-San-Francisco-03272024_220109-300x169.jpg 300w, https:\/\/bloominn.fr\/wp-content\/uploads\/2025\/02\/My-Room-Colocation-San-Francisco-03272024_220109-1024x576.jpg 1024w, https:\/\/bloominn.fr\/wp-content\/uploads\/2025\/02\/My-Room-Colocation-San-Francisco-03272024_220109-768x432.jpg 768w, https:\/\/bloominn.fr\/wp-content\/uploads\/2025\/02\/My-Room-Colocation-San-Francisco-03272024_220109-1536x864.jpg 1536w, https:\/\/bloominn.fr\/wp-content\/uploads\/2025\/02\/My-Room-Colocation-San-Francisco-03272024_220109-2048x1152.jpg 2048w\" sizes=\"auto, (max-width: 2560px) 100vw, 2560px\" \/><\/a><\/figure>\n\n\n\n<h2 class=\"wp-block-heading has-text-color has-link-color wp-elements-00a7eb25a66d60d08b36eb3f8da0fe97\" style=\"color:#ea4f47\"><a href=\"https:\/\/www.my-room.fr\/coliving\/lyon\/157-SAN-FRANCISCO\" data-type=\"link\" data-id=\"https:\/\/www.my-room.fr\/coliving\/lyon\/157-SAN-FRANCISCO\">GLOW<\/a><\/h2>\n\n\n\n<p class=\"has-text-color has-link-color wp-elements-40d99e82bf20626c844844f80d206164\" style=\"color:#ea4f47\">VILLEURBANNE<\/p>\n\n\n\n<p>Profitez d\u2019une bulle de fra\u00eecheur en plein coeur de la ville avec cette maison baign\u00e9e de lumi\u00e8re. Son jardinet et ses chambres spacieuses, vous charmeront par son confort, son agencement et sa d\u00e9coration.<\/p>\n\n\n\n<div class=\"wp-block-buttons is-layout-flex wp-block-buttons-is-layout-flex\">\n<div class=\"wp-block-button\"><a class=\"wp-block-button__link has-background wp-element-button\" href=\"https:\/\/www.my-room.fr\/coliving\/lyon\/157-SAN-FRANCISCO\" style=\"background-color:#ea4f47\" target=\"_blank\" rel=\"noreferrer noopener\"><strong>R\u00c9SERVER<\/strong><\/a><\/div>\n<\/div>\n<\/div>\n\n\n\n<div class=\"wp-block-column is-style-default is-layout-flow wp-block-column-is-layout-flow\" style=\"border-style:none;border-width:0px;padding-top:0;padding-right:0;padding-bottom:0;padding-left:0\">\n<figure class=\"wp-block-image size-full\"><a href=\"https:\/\/www.my-room.fr\/coliving\/lyon\/192-HERIDEAUX\"><img loading=\"lazy\" decoding=\"async\" width=\"2560\" height=\"1440\" src=\"http:\/\/bloominn.fr\/wp-content\/uploads\/2025\/02\/My-Room-Colocation-Herideaux-08262024_192440-scaled.jpg\" alt=\"\" class=\"wp-image-76\" style=\"aspect-ratio:4\/3;object-fit:cover\" srcset=\"https:\/\/bloominn.fr\/wp-content\/uploads\/2025\/02\/My-Room-Colocation-Herideaux-08262024_192440-scaled.jpg 2560w, https:\/\/bloominn.fr\/wp-content\/uploads\/2025\/02\/My-Room-Colocation-Herideaux-08262024_192440-300x169.jpg 300w, https:\/\/bloominn.fr\/wp-content\/uploads\/2025\/02\/My-Room-Colocation-Herideaux-08262024_192440-1024x576.jpg 1024w, https:\/\/bloominn.fr\/wp-content\/uploads\/2025\/02\/My-Room-Colocation-Herideaux-08262024_192440-768x432.jpg 768w, https:\/\/bloominn.fr\/wp-content\/uploads\/2025\/02\/My-Room-Colocation-Herideaux-08262024_192440-1536x864.jpg 1536w, https:\/\/bloominn.fr\/wp-content\/uploads\/2025\/02\/My-Room-Colocation-Herideaux-08262024_192440-2048x1152.jpg 2048w\" sizes=\"auto, (max-width: 2560px) 100vw, 2560px\" \/><\/a><\/figure>\n\n\n\n<h2 class=\"wp-block-heading has-text-color has-link-color wp-elements-5c29bbb0b6eddcd0977914a95ea38bf3\" style=\"color:#ea4f47\"><a href=\"https:\/\/www.my-room.fr\/coliving\/lyon\/192-HERIDEAUX\" data-type=\"link\" data-id=\"https:\/\/www.my-room.fr\/coliving\/lyon\/192-HERIDEAUX\">POP<\/a><\/h2>\n\n\n\n<p class=\"has-text-color has-link-color wp-elements-8d44f9c305a971f10704b2c30702b93b\" style=\"color:#ea4f47\">LYON 8<\/p>\n\n\n\n<p><strong>POP<\/strong>&nbsp;se distingue par son explosion de couleurs. Avec une palette affirm\u00e9e, cette maison pr\u00f4ne son originalit\u00e9. C\u2019est \u00e9galement une r\u00e9sonance avec la nature ext\u00e9rieure du grand jardin.<\/p>\n\n\n\n<div class=\"wp-block-buttons is-layout-flex wp-block-buttons-is-layout-flex\">\n<div class=\"wp-block-button\"><a class=\"wp-block-button__link has-background wp-element-button\" href=\"https:\/\/www.my-room.fr\/coliving\/lyon\/192-HERIDEAUX\" style=\"background-color:#ea4f47\" target=\"_blank\" rel=\"noreferrer noopener\"><strong>R\u00c9SERVER<\/strong><\/a><\/div>\n<\/div>\n<\/div>\n<\/div>\n<\/div>\n\n\n\n<div style=\"height:82px\" aria-hidden=\"true\" class=\"wp-block-spacer\"><\/div>\n<\/div>\n\n\n\n<p><\/p>\n","protected":false},"excerpt":{"rendered":"<p>Nos maisons haut de gamme vous permettront de partager des instants inoubliables avec la communaut\u00e9 bloominn. Quelle sera la v\u00f4tre ? LINK LYON 7 LINK&nbsp;propose un cadre de vie dynamique et offre un ext\u00e9rieur paisible et agr\u00e9able avec un terrain de p\u00e9tanque et une belle terrasse. La luminosit\u00e9 de sa verri\u00e8re est un v\u00e9ritable atout. &hellip; <\/p>\n<p class=\"link-more\"><a href=\"https:\/\/bloominn.fr\/index.php\/decouvrez-nos-maisons\/\" class=\"more-link\">Read more<span class=\"screen-reader-text\"> &#8220;D\u00e9couvrez nos maisons&#8221;<\/span><\/a><\/p>\n","protected":false},"author":1,"featured_media":0,"parent":0,"menu_order":0,"comment_status":"closed","ping_status":"closed","template":"","meta":{"footnotes":""},"class_list":["post-514","page","type-page","status-publish","hentry"],"featured_media_urls":[],"_links":{"self":[{"href":"https:\/\/bloominn.fr\/index.php\/wp-json\/wp\/v2\/pages\/514","targetHints":{"allow":["GET"]}}],"collection":[{"href":"https:\/\/bloominn.fr\/index.php\/wp-json\/wp\/v2\/pages"}],"about":[{"href":"https:\/\/bloominn.fr\/index.php\/wp-json\/wp\/v2\/types\/page"}],"author":[{"embeddable":true,"href":"https:\/\/bloominn.fr\/index.php\/wp-json\/wp\/v2\/users\/1"}],"replies":[{"embeddable":true,"href":"https:\/\/bloominn.fr\/index.php\/wp-json\/wp\/v2\/comments?post=514"}],"version-history":[{"count":25,"href":"https:\/\/bloominn.fr\/index.php\/wp-json\/wp\/v2\/pages\/514\/revisions"}],"predecessor-version":[{"id":605,"href":"https:\/\/bloominn.fr\/index.php\/wp-json\/wp\/v2\/pages\/514\/revisions\/605"}],"wp:attachment":[{"href":"https:\/\/bloominn.fr\/index.php\/wp-json\/wp\/v2\/media?parent=514"}],"curies":[{"name":"wp","href":"https:\/\/api.w.org\/{rel}","templated":true}]}}