{"id":545,"date":"2025-05-12T15:15:08","date_gmt":"2025-05-12T13:15:08","guid":{"rendered":"https:\/\/bloominn.fr\/?page_id=545"},"modified":"2025-05-12T17:29:54","modified_gmt":"2025-05-12T15:29:54","slug":"communaute-bloominn","status":"publish","type":"page","link":"https:\/\/bloominn.fr\/index.php\/communaute-bloominn\/","title":{"rendered":"Communaut\u00e9 bloominn"},"content":{"rendered":"\n<div class=\"wp-block-cover alignfull\" style=\"min-height:277px;aspect-ratio:unset;\"><img loading=\"lazy\" decoding=\"async\" width=\"800\" height=\"450\" class=\"wp-block-cover__image-background wp-image-538 size-full\" alt=\"\" src=\"http:\/\/bloominn.fr\/wp-content\/uploads\/2025\/04\/visuel-coliving-03.jpg\" data-object-fit=\"cover\" srcset=\"https:\/\/bloominn.fr\/wp-content\/uploads\/2025\/04\/visuel-coliving-03.jpg 800w, https:\/\/bloominn.fr\/wp-content\/uploads\/2025\/04\/visuel-coliving-03-300x169.jpg 300w\" sizes=\"auto, (max-width: 800px) 100vw, 800px\" \/><span aria-hidden=\"true\" class=\"wp-block-cover__background has-black-background-color has-background-dim\"><\/span><div class=\"wp-block-cover__inner-container has-global-padding is-layout-constrained wp-block-cover-is-layout-constrained\">\n<div class=\"wp-block-group has-global-padding is-layout-constrained wp-container-core-group-is-layout-4383d167 wp-block-group-is-layout-constrained\">\n<h2 class=\"wp-block-heading has-white-color has-text-color has-large-font-size\">ILS EN PARLENT MIEUX QUE NOUS !<\/h2>\n\n\n\n<p>D\u00e9couvrez les derniers avis de nos bloomers !<\/p>\n<\/div>\n<\/div><\/div>\n\n\n\n<div class=\"wp-block-group has-global-padding is-layout-constrained wp-block-group-is-layout-constrained\">\n<div class=\"wp-block-group is-layout-flow wp-block-group-is-layout-flow\">\n<div class=\"wp-block-group alignfull is-layout-flow wp-container-core-group-is-layout-c4d5c1b7 wp-block-group-is-layout-flow\" id=\"cover\" style=\"margin-top:0px;margin-bottom:0px\"><\/div>\n\n\n\n<p class=\"has-text-color has-link-color wp-elements-57e95c22b73a47430dc6c76d92d8026e\" style=\"color:#ea4f47\">T\u00c9MOIGNAGES<\/p>\n\n\n\n<h2 class=\"wp-block-heading has-large-font-size\">D\u00e9couvrez les t\u00e9moignages de nos bloomers **<\/h2>\n\n\n\n<div style=\"height:42px\" aria-hidden=\"true\" class=\"wp-block-spacer\"><\/div>\n\n\n\n<div class=\"wp-block-columns is-layout-flex wp-container-core-columns-is-layout-28f84493 wp-block-columns-is-layout-flex\">\n<div class=\"wp-block-column is-style-shadow has-background is-layout-flow wp-block-column-is-layout-flow\" style=\"border-style:none;border-width:0px;background-color:#ea4f47;padding-top:30px;padding-right:30px;padding-bottom:30px;padding-left:30px\">\n<p class=\"has-white-color has-text-color has-link-color wp-elements-a0d452afca3c61164a8e9da0ba21dfac\"><strong>&#8221; J&#8217;ai d\u00e9couvert le coliving par hasard. Quand je suis tomb\u00e9e sur le site de bloominn j&#8217;ai voulu tenter l&#8217;exp\u00e9rience. Et quelle exp\u00e9rience ! Termin\u00e9 les soir\u00e9es solo, seule dans mon petit studio&#8230; J&#8217;ai trouv\u00e9 une vraie bande de potes dans un lieu hyper cosy et chaleureux. &#8220;<\/strong><\/p>\n\n\n\n<div class=\"wp-block-group has-global-padding is-layout-constrained wp-block-group-is-layout-constrained\">\n<div class=\"wp-block-columns are-vertically-aligned-center is-layout-flex wp-container-core-columns-is-layout-28f84493 wp-block-columns-is-layout-flex\">\n<div class=\"wp-block-column is-vertically-aligned-center is-layout-flow wp-block-column-is-layout-flow\">\n<p class=\"has-white-color has-text-color\"><strong>Eva, <em>19 ans<\/em><\/strong> &#8211; Etudiante \u00e0 l&#8217;universit\u00e9 Lyon 3<\/p>\n<\/div>\n<\/div>\n<\/div>\n<\/div>\n\n\n\n<div class=\"wp-block-column is-style-shadow has-background is-layout-flow wp-block-column-is-layout-flow\" style=\"border-style:none;border-width:0px;background-color:#ea4f47;padding-top:30px;padding-right:30px;padding-bottom:30px;padding-left:30px\">\n<p class=\"has-white-color has-text-color has-link-color wp-elements-fafeeef379e6538205c4775327349872\"><strong>&#8221; Cela faisait plusieurs mois que je recherchais une location. Je pensais \u00eatre un peu timide pour le coliving. Et en r\u00e9alit\u00e9, bloominn c&#8217;est un vrai \u00e9tat d&#8217;esprit. J&#8217;ai \u00e9t\u00e9 tout de suite tr\u00e8s bien int\u00e9gr\u00e9 aupr\u00e8s des autres bloomers. Et je peux tout de m\u00eame conserver mon intimit\u00e9 quand j&#8217;ai besoin d&#8217;\u00eatre un peu seul au calme. &#8220;<\/strong><\/p>\n\n\n\n<div class=\"wp-block-columns are-vertically-aligned-center is-layout-flex wp-container-core-columns-is-layout-28f84493 wp-block-columns-is-layout-flex\">\n<div class=\"wp-block-column is-vertically-aligned-center is-layout-flow wp-block-column-is-layout-flow\">\n<p class=\"has-white-color has-text-color\"><strong>Antoine, <em>23 ans<\/em><\/strong> &#8211; Etudiant \u00e0 l&#8217;IDRAC<\/p>\n<\/div>\n<\/div>\n<\/div>\n<\/div>\n\n\n\n<div style=\"height:29px\" aria-hidden=\"true\" class=\"wp-block-spacer\"><\/div>\n<\/div>\n<\/div>\n\n\n\n<div class=\"wp-block-columns is-layout-flex wp-container-core-columns-is-layout-28f84493 wp-block-columns-is-layout-flex\">\n<div class=\"wp-block-column is-style-shadow has-background is-layout-flow wp-block-column-is-layout-flow\" style=\"border-style:none;border-width:0px;background-color:#ea4f47;padding-top:30px;padding-right:30px;padding-bottom:30px;padding-left:30px\">\n<p class=\"has-white-color has-text-color has-link-color wp-elements-cab41d61980329a22c285198ae382cbf\"><strong>&#8221; Chaque jour, je me dis que j&#8217;ai la chance de vivre dans une grande maison en pleine ville. Et le tout, avec des personnes au top. Je fais ma vie tout en passant de bons moments avec mes colocs. C&#8217;est une vraie exp\u00e9rience que je recommande \u00e0 100% ! &#8220;<\/strong><\/p>\n\n\n\n<div class=\"wp-block-group has-global-padding is-layout-constrained wp-block-group-is-layout-constrained\">\n<div class=\"wp-block-columns are-vertically-aligned-center is-layout-flex wp-container-core-columns-is-layout-28f84493 wp-block-columns-is-layout-flex\">\n<div class=\"wp-block-column is-vertically-aligned-center is-layout-flow wp-block-column-is-layout-flow\">\n<p class=\"has-white-color has-text-color\"><strong>Thomas, <em>21 ans<\/em><\/strong> &#8211; Etudiante \u00e0 l&#8217;universit\u00e9 Lyon 3<\/p>\n<\/div>\n<\/div>\n<\/div>\n<\/div>\n\n\n\n<div class=\"wp-block-column is-style-shadow has-background is-layout-flow wp-block-column-is-layout-flow\" style=\"border-style:none;border-width:0px;background-color:#ea4f47;padding-top:30px;padding-right:30px;padding-bottom:30px;padding-left:30px\">\n<p class=\"has-white-color has-text-color has-link-color wp-elements-704c0ae99e5dd0e28403a60ec9e9acc5\"><br><strong>&#8221; Je viens de lancer ma petite entreprise de bijoux en ligne. Il n&#8217;\u00e9tait pas \u00e9vident pour moi de trouver un studio et surtout, j&#8217;avais peur de m&#8217;enfermer dans la solitude ! Bloominn a vraiment \u00e9t\u00e9 le compromis parfait. C&#8217;est plus qu&#8217;une maison, c&#8217;est un lieu de vie. &#8220;<\/strong><\/p>\n\n\n\n<div class=\"wp-block-group has-global-padding is-layout-constrained wp-block-group-is-layout-constrained\">\n<div class=\"wp-block-columns are-vertically-aligned-center is-layout-flex wp-container-core-columns-is-layout-28f84493 wp-block-columns-is-layout-flex\">\n<div class=\"wp-block-column is-vertically-aligned-center is-layout-flow wp-block-column-is-layout-flow\">\n<p class=\"has-white-color has-text-color\"><strong>Lou, <em>22 ans<\/em><\/strong> &#8211; Cr\u00e9atrice d&#8217;une jeune marque de bijoux<\/p>\n<\/div>\n<\/div>\n<\/div>\n<\/div>\n<\/div>\n\n\n\n<div style=\"height:54px\" aria-hidden=\"true\" class=\"wp-block-spacer\"><\/div>\n\n\n\n<h2 class=\"wp-block-heading\">Suivez l&#8217;actualit\u00e9 de bloominn pour d\u00e9couvrir nos \u00e9v\u00e9nements et d&#8217;autres t\u00e9moignages de r\u00e9sidents<\/h2>\n\n\n\t\t<div id=\"instagram-gallery-feed-0\" class=\"instagram-gallery-feed\" data-feed=\"{&quot;id&quot;:0,&quot;account_id&quot;:&quot;10011427122283448&quot;,&quot;source&quot;:&quot;username&quot;,&quot;tag&quot;:&quot;wordpress&quot;,&quot;order_by&quot;:&quot;top_media&quot;,&quot;layout&quot;:&quot;gallery&quot;,&quot;limit&quot;:12,&quot;columns&quot;:3,&quot;spacing&quot;:10,&quot;lazy&quot;:false,&quot;responsive&quot;:{&quot;desktop&quot;:{&quot;columns&quot;:3,&quot;spacing&quot;:10},&quot;tablet&quot;:{&quot;columns&quot;:2,&quot;spacing&quot;:8},&quot;mobile&quot;:{&quot;columns&quot;:1,&quot;spacing&quot;:6},&quot;breakpoints&quot;:{&quot;tablet&quot;:768,&quot;mobile&quot;:480}},&quot;highlight&quot;:{&quot;tag&quot;:&quot;&quot;,&quot;id&quot;:&quot;&quot;,&quot;position&quot;:&quot;1,3,5&quot;},&quot;reel&quot;:{&quot;hide&quot;:false},&quot;copyright&quot;:{&quot;hide&quot;:false,&quot;placeholder&quot;:&quot;&quot;},&quot;profile&quot;:{&quot;display&quot;:false,&quot;auto&quot;:false,&quot;username&quot;:&quot;&quot;,&quot;nickname&quot;:&quot;&quot;,&quot;website&quot;:&quot;&quot;,&quot;biography&quot;:&quot;&quot;,&quot;link_text&quot;:&quot;Follow&quot;,&quot;website_text&quot;:&quot;Website&quot;,&quot;avatar&quot;:&quot;&quot;},&quot;box&quot;:{&quot;display&quot;:false,&quot;padding&quot;:1,&quot;radius&quot;:0,&quot;background&quot;:&quot;#fefefe&quot;,&quot;profile&quot;:false,&quot;desc&quot;:&quot;&quot;,&quot;text_color&quot;:&quot;#000000&quot;},&quot;mask&quot;:{&quot;display&quot;:true,&quot;background&quot;:&quot;#000000&quot;,&quot;icon_color&quot;:&quot;#ffffff&quot;,&quot;likes_count&quot;:true,&quot;comments_count&quot;:true},&quot;card&quot;:{&quot;display&quot;:false,&quot;radius&quot;:1,&quot;font_size&quot;:12,&quot;background&quot;:&quot;#ffffff&quot;,&quot;background_hover&quot;:&quot;&quot;,&quot;text_color&quot;:&quot;#000000&quot;,&quot;padding&quot;:5,&quot;likes_count&quot;:true,&quot;text_length&quot;:10,&quot;comments_count&quot;:true,&quot;text_align&quot;:&quot;left&quot;},&quot;carousel&quot;:{&quot;slidespv&quot;:5,&quot;centered_slides&quot;:false,&quot;autoplay&quot;:false,&quot;autoplay_interval&quot;:3000,&quot;navarrows&quot;:true,&quot;navarrows_color&quot;:&quot;&quot;,&quot;pagination&quot;:true,&quot;pagination_color&quot;:&quot;&quot;},&quot;modal&quot;:{&quot;display&quot;:true,&quot;profile&quot;:true,&quot;media_description&quot;:true,&quot;likes_count&quot;:true,&quot;comments_count&quot;:true,&quot;comments_list&quot;:false,&quot;text_align&quot;:&quot;left&quot;,&quot;modal_align&quot;:&quot;right&quot;,&quot;text_length&quot;:10000,&quot;font_size&quot;:12},&quot;button&quot;:{&quot;display&quot;:true,&quot;text&quot;:&quot;View on Instagram&quot;,&quot;text_color&quot;:&quot;#ffff&quot;,&quot;background&quot;:&quot;&quot;,&quot;background_hover&quot;:&quot;&quot;},&quot;button_load&quot;:{&quot;display&quot;:false,&quot;text&quot;:&quot;Load more...&quot;,&quot;text_color&quot;:&quot;#ffff&quot;,&quot;background&quot;:&quot;&quot;,&quot;background_hover&quot;:&quot;&quot;}}\">\n\t\t<!-- <FeedContainer\/> -->\n\t\t<\/div>\n\t\t\n","protected":false},"excerpt":{"rendered":"<p>T\u00c9MOIGNAGES D\u00e9couvrez les t\u00e9moignages de nos bloomers ** &#8221; J&#8217;ai d\u00e9couvert le coliving par hasard. Quand je suis tomb\u00e9e sur le site de bloominn j&#8217;ai voulu tenter l&#8217;exp\u00e9rience. Et quelle exp\u00e9rience ! Termin\u00e9 les soir\u00e9es solo, seule dans mon petit studio&#8230; J&#8217;ai trouv\u00e9 une vraie bande de potes dans un lieu hyper cosy et chaleureux. &hellip; <\/p>\n<p class=\"link-more\"><a href=\"https:\/\/bloominn.fr\/index.php\/communaute-bloominn\/\" class=\"more-link\">Read more<span class=\"screen-reader-text\"> &#8220;Communaut\u00e9 bloominn&#8221;<\/span><\/a><\/p>\n","protected":false},"author":1,"featured_media":0,"parent":0,"menu_order":0,"comment_status":"closed","ping_status":"closed","template":"","meta":{"footnotes":""},"class_list":["post-545","page","type-page","status-publish","hentry"],"featured_media_urls":[],"_links":{"self":[{"href":"https:\/\/bloominn.fr\/index.php\/wp-json\/wp\/v2\/pages\/545","targetHints":{"allow":["GET"]}}],"collection":[{"href":"https:\/\/bloominn.fr\/index.php\/wp-json\/wp\/v2\/pages"}],"about":[{"href":"https:\/\/bloominn.fr\/index.php\/wp-json\/wp\/v2\/types\/page"}],"author":[{"embeddable":true,"href":"https:\/\/bloominn.fr\/index.php\/wp-json\/wp\/v2\/users\/1"}],"replies":[{"embeddable":true,"href":"https:\/\/bloominn.fr\/index.php\/wp-json\/wp\/v2\/comments?post=545"}],"version-history":[{"count":17,"href":"https:\/\/bloominn.fr\/index.php\/wp-json\/wp\/v2\/pages\/545\/revisions"}],"predecessor-version":[{"id":609,"href":"https:\/\/bloominn.fr\/index.php\/wp-json\/wp\/v2\/pages\/545\/revisions\/609"}],"wp:attachment":[{"href":"https:\/\/bloominn.fr\/index.php\/wp-json\/wp\/v2\/media?parent=545"}],"curies":[{"name":"wp","href":"https:\/\/api.w.org\/{rel}","templated":true}]}}